{"id":1,"date":"2020-11-17T13:56:54","date_gmt":"2020-11-17T13:56:54","guid":{"rendered":"https:\/\/santinastorni.ilfondaco.it\/?p=1"},"modified":"2025-01-14T15:35:09","modified_gmt":"2025-01-14T14:35:09","slug":"home","status":"publish","type":"page","link":"https:\/\/santinastorni.mcduelab.it\/","title":{"rendered":"Home"},"content":{"rendered":"<p><img decoding=\"async\" src=\"\/wp-content\/uploads\/2025\/01\/Santina-Storni.png\" alt=\"\"><\/p>\n<h2>Chi sono<\/h2>\n<div>\n<p><span style=\"font-weight: 400;\">Questa sono io, mi chiamo Santina, sono mamma, <\/span><span style=\"font-weight: 400;\">figlia, sorella, amica, moglie e da quando avevo 18 anni, mi dedico alla Crescita Personale. Il mio cammino \u00e8 iniziato dal <strong>Reiki<\/strong> e si \u00e8 espanso, senza confini, nell\u2019<strong>Universo delle Energie Sottili<\/strong>, fino a farmi arrivare ad oggi, felicemente consapevole che continuer\u00e0 fino alla fine del mio viaggio.<\/span><\/p>\n<p><span style=\"font-weight: 400;\">Fin dall\u2019inizio ho cercato di trovare risposte in Guide e Maestri ma non era mai abbastanza. Di conseguenza, sono diventata un\u2019auto-didatta nella mia Ricerca interiore. Per poterlo fare, da sola ed esigente, mi sono posta ogni giorno uno schema semplice di 5 Domande che racchiudevano ci\u00f2 che, nella mia visione, era importante tenere d\u2019occhio, per crescere senza fermarmi.<\/span><\/p>\n<\/div>\n<p>\n    <a href=\"\/index.php?page_id=4\">Leggi tutto<\/a>\n<\/p>\n<p><img decoding=\"async\" src=\"\/wp-content\/uploads\/2025\/01\/santina_storni_02.jpg\" alt=\"\"><\/p>\n<h1>Le Pratiche Brevi&#8230;<\/h1>\n<div>\n<p>Le Pratiche Brevi sono una collezione di Journal progettati per accompagnarti nel tuo cammino di crescita personale.<\/p>\n<p>Ogni Journal offre strumenti semplici e quotidiani per coltivare consapevolezza, gratitudine e trasformazione interiore, rendendo il percorso di evoluzione accessibile a tutti.<\/p>\n<\/div>\n<p><img decoding=\"async\" src=\"\/wp-content\/uploads\/2025\/01\/pratiche_brevi_01.jpg\" alt=\"\"><\/p>\n<h5>Cosa sono le pratiche brevi<\/h5>\n<div>\n<ul>\n<li style=\"font-weight: 400;\" aria-level=\"1\"><span style=\"font-weight: 400;\">Sono diari tematici che ti guidano attraverso esercizi pratici e riflessioni profonde, adattabili al tempo e alle esigenze di ognuno.<\/span><\/li>\n<li style=\"font-weight: 400;\" aria-level=\"1\"><span style=\"font-weight: 400;\">Hanno una struttura chiara e un approccio pratico per aiutarti a mantenere la disciplina, senza appesantire la tua routine quotidiana.<\/span><\/li>\n<li style=\"font-weight: 400;\" aria-level=\"1\"><span style=\"font-weight: 400;\">Ti invitano a esplorare i tuoi pensieri e le tue emozioni, per comprendere meglio te stess@ e vivere con maggiore presenza.<\/span><\/li>\n<\/ul>\n<\/div>\n<h5>Perch\u00e8 scegliere le pratiche brevi<\/h5>\n<div>\n<ul>\n<li style=\"font-weight: 400;\" aria-level=\"1\"><strong>Ogni <\/strong><i><span style=\"font-weight: 400;\"><strong>Journal<\/strong><\/span><\/i><span style=\"font-weight: 400;\"> \u00e8 pensato per integrare momenti di consapevolezza nella tua giornata, trasformando la semplicit\u00e0 di piccoli gesti in profondi cambiamenti.<\/span><\/li>\n<li style=\"font-weight: 400;\" aria-level=\"1\"><span style=\"font-weight: 400;\"><strong>La costanza e la brevit\u00e0<\/strong> delle pratiche permettono di rendere ogni giornata significativa, senza richiedere lunghi impegni.<\/span><\/li>\n<li style=\"font-weight: 400;\" aria-level=\"1\"><span style=\"font-weight: 400;\">Ogni volume della collezione si concentra su un <strong>aspetto specifico della crescita personale,<\/strong> offrendoti una guida dedicata e pratica.<\/span><\/li>\n<\/ul>\n<\/div>\n<blockquote>\n<p style=\"text-align: center;\"><b>Un Cammino a Misura Tua<\/b><span style=\"font-weight: 400;\"> <br \/>Le Pratiche Brevi non sono solo diari, ma veri e propri compagni di viaggio. Sono pensate per chi desidera trasformare il proprio quotidiano in un\u2019occasione di crescita e riflessione, mantenendo uno stile di vita semplice e autentico.<\/span><\/p>\n<\/blockquote>\n<hr>\n<h1>COSA POSSO AIUTARTI<\/h1>\n<ul>\n<li>\n<p><img decoding=\"async\" src=\"\/wp-content\/uploads\/2025\/01\/santina_storni_05.jpg\" alt=\"\"><\/p>\n<h2>TRATTAMENTI PER L&#8217;ANIMA<\/h2>\n<div>\n<p>Iniziamo con un colloquio gratuito\u00a0, in cui conosciamo e valutiamo insieme quale percorso sia pi\u00f9 adatto a te. Di seguito, grazie alla lettura dell&#8217;Anima\u00a0&#8221;\u00a0Soul Reading&#8221;\u00a0, legger\u00f2 i tuoi campi energetici e l&#8217;aura per accedere alla Verit\u00e0 della tua Anima creando una mappa che porter\u00e0 alla luce gli argomenti su cui\u00a0\u00a0lavorare pi\u00f9 intensamente.<\/p>\n<\/div>\n<\/li>\n<li>\n<p><img decoding=\"async\" src=\"\/wp-content\/uploads\/2025\/01\/eventi_vivo.png\" alt=\"\"><\/p>\n<h2>CORSI DELL&#8217;ANIMA<\/h2>\n<div>\n<p>Testo, testo, testo, testo, testo, testo, testo, testo, testo, testo, testo, testo, testo, testo, testo, testo, testo, testo,Testo, testo, testo, testo, testo, testo, testo, testo, testo, testo, testo, testo, testo, testo, testo, testo, testo, testo,Testo, testo, testo, testo, testo, testo, testo, testo, testo, testo, testo, testo, testo, testo, testo, testo, testo, testo<\/p>\n<\/div>\n<\/li>\n<li>\n<p><img decoding=\"async\" src=\"\/wp-content\/uploads\/2025\/01\/eventi_vivo.png\" alt=\"\"><\/p>\n<h2>EVENTI<\/h2>\n<div>Quest&#8217;anno ti invito a vivere esperienze trasformative e profonde che danno spazio alla formazione e ti connettono al cuore del Soul Healing System. <\/p>\n<p>Partecipa ai workshop esperienziali per integrare gli insegnamenti online, ai corsi in presenza strutturati in 4 puntate per un\u2019immersione progressiva, e alle giornate di Costellazioni Sistemiche e Archetipiche per sciogliere blocchi e riequilibrare le energie. <\/p><\/div>\n<\/li>\n<\/ul>\n<h1>Comincia da qui<\/h1>\n<ul>\n<li>\n<p><img decoding=\"async\" src=\"\/wp-content\/uploads\/2025\/01\/spotify.png\" alt=\"\"><\/p>\n<h3>Spotify<\/h3>\n<div>Da Anima ad Anima il mio podcast che parla di te, ma anche di me! <\/div>\n<p><a href=\"https:\/\/open.spotify.com\/show\/2Tz80WRCR5x9E7eWDQwRMV\">Read more<\/a><\/p>\n<\/li>\n<li>\n<p><img decoding=\"async\" src=\"\/wp-content\/uploads\/2025\/01\/santina_storni_06.jpg\" alt=\"\"><\/p>\n<h3>You Tube<\/h3>\n<\/li>\n<\/ul>\n<h3>Get listed today and become part of the most exclusive luxury vacation home network worldwide.<\/h3>\n<div>Lorem ipsum dolor sit amet, consectetur adipiscing elit, sed do eiusmod tempor incididunt ut labore et dolore magna aliqua. Nascetur ridiculus mus mauris vitae ultricies. <\/div>\n<ul>\n<li>\n        <a href=\"mailto:info@example.com\">Contact Us<\/a>\n    <\/li>\n<li>\n        <a href=\"\/index.php?page_id=4#faq\">Read the FAQ<\/a>\n    <\/li>\n<\/ul>\n<p><img decoding=\"async\" src=\"\/wp-content\/uploads\/yootheme\/cta-bg.svg\" alt=\"\"><\/p>\n<p><!--more--><br \/>\n<!-- {\"type\":\"layout\",\"children\":[{\"name\":\"Hero\",\"type\":\"section\",\"props\":{\"animation_delay\":false,\"image_position\":\"center-center\",\"padding\":\"none\",\"style\":\"default\",\"title_breakpoint\":\"xl\",\"title_position\":\"top-left\",\"title_rotation\":\"left\",\"vertical_align\":\"\",\"width\":\"\"},\"children\":[{\"type\":\"row\",\"children\":[{\"type\":\"column\",\"props\":{\"image_position\":\"center-center\",\"position_sticky_breakpoint\":\"m\"},\"children\":[{\"type\":\"image\",\"props\":{\"image\":\"wp-content\\\/uploads\\\/2025\\\/01\\\/Santina-Storni.png\",\"image_height\":2500,\"image_svg_color\":\"emphasis\",\"margin\":\"default\"}}]}]}]},{\"type\":\"section\",\"props\":{\"image_position\":\"center-center\",\"padding\":\"large\",\"padding_remove_bottom\":true,\"style\":\"default\",\"title_breakpoint\":\"xl\",\"title_position\":\"top-left\",\"title_rotation\":\"left\",\"vertical_align\":\"middle\",\"width\":\"default\"},\"children\":[{\"type\":\"row\",\"props\":{\"layout\":\"1-2,1-2\"},\"children\":[{\"type\":\"column\",\"props\":{\"image_position\":\"center-center\",\"position_sticky_breakpoint\":\"m\",\"width_medium\":\"1-2\"},\"children\":[{\"type\":\"headline\",\"props\":{\"content\":\"Chi sono\",\"title_color\":\"success\",\"title_element\":\"h2\",\"title_font_family\":\"tertiary\"}},{\"type\":\"text\",\"props\":{\"column_breakpoint\":\"m\",\"content\":\"\n\n<p><span style=\\\"font-weight: 400;\\\">Questa sono io, mi chiamo Santina, sono mamma, <\\\/span><span style=\\\"font-weight: 400;\\\">figlia, sorella, amica, moglie e da quando avevo 18 anni, mi dedico alla Crescita Personale. Il mio cammino \\u00e8 iniziato dal <strong>Reiki<\\\/strong> e si \\u00e8 espanso, senza confini, nell\\u2019<strong>Universo delle Energie Sottili<\\\/strong>, fino a farmi arrivare ad oggi, felicemente consapevole che continuer\\u00e0 fino alla fine del mio viaggio.<\\\/span><\\\/p>\\n\n\n<p><span style=\\\"font-weight: 400;\\\">Fin dall\\u2019inizio ho cercato di trovare risposte in Guide e Maestri ma non era mai abbastanza. Di conseguenza, sono diventata un\\u2019auto-didatta nella mia Ricerca interiore. Per poterlo fare, da sola ed esigente, mi sono posta ogni giorno uno schema semplice di 5 Domande che racchiudevano ci\\u00f2 che, nella mia visione, era importante tenere d\\u2019occhio, per crescere senza fermarmi.<\\\/span><\\\/p>\",\"margin\":\"default\"}},{\"type\":\"button\",\"props\":{\"grid_column_gap\":\"small\",\"grid_row_gap\":\"small\",\"margin\":\"default\"},\"children\":[{\"type\":\"button_item\",\"props\":{\"button_style\":\"default\",\"content\":\"Leggi tutto\",\"icon_align\":\"left\",\"link\":\"index.php?page_id=4\"}}]}]},{\"type\":\"column\",\"props\":{\"image_position\":\"center-center\",\"position_sticky_breakpoint\":\"m\",\"width_medium\":\"1-2\"},\"children\":[{\"type\":\"image\",\"props\":{\"image\":\"wp-content\\\/uploads\\\/2025\\\/01\\\/santina_storni_02.jpg\",\"image_border\":\"circle\",\"image_height\":350,\"image_svg_color\":\"emphasis\",\"margin\":\"default\"}}]}]}],\"name\":\"Chi sono\"},{\"type\":\"section\",\"props\":{\"image_position\":\"center-center\",\"style\":\"primary\",\"title_breakpoint\":\"xl\",\"title_position\":\"top-left\",\"title_rotation\":\"left\",\"vertical_align\":\"middle\",\"width\":\"default\"},\"children\":[{\"type\":\"row\",\"children\":[{\"type\":\"column\",\"props\":{\"image_position\":\"center-center\",\"position_sticky_breakpoint\":\"m\"},\"children\":[{\"type\":\"headline\",\"props\":{\"content\":\"Le Pratiche Brevi...\",\"title_element\":\"h1\"}}]}]},{\"type\":\"row\",\"props\":{\"layout\":\"1-2,1-2\"},\"children\":[{\"type\":\"column\",\"props\":{\"image_position\":\"center-center\",\"position_sticky_breakpoint\":\"m\",\"width_medium\":\"1-2\"},\"children\":[{\"type\":\"text\",\"props\":{\"column_breakpoint\":\"m\",\"content\":\"\n\n<p>Le Pratiche Brevi sono una collezione di Journal progettati per accompagnarti nel tuo cammino di crescita personale.<\\\/p>\\n\n\n<p>Ogni Journal offre strumenti semplici e quotidiani per coltivare consapevolezza, gratitudine e trasformazione interiore, rendendo il percorso di evoluzione accessibile a tutti.<\\\/p>\",\"margin\":\"default\"}}]},{\"type\":\"column\",\"props\":{\"image_position\":\"center-center\",\"position_sticky_breakpoint\":\"m\",\"width_medium\":\"1-2\"},\"children\":[{\"type\":\"image\",\"props\":{\"image\":\"wp-content\\\/uploads\\\/2025\\\/01\\\/pratiche_brevi_01.jpg\",\"image_height\":300,\"image_svg_color\":\"emphasis\",\"margin\":\"default\"}}]}]},{\"type\":\"row\",\"props\":{\"layout\":\"1-2,1-2\"},\"children\":[{\"type\":\"column\",\"props\":{\"image_position\":\"center-center\",\"position_sticky_breakpoint\":\"m\",\"width_medium\":\"1-2\"},\"children\":[{\"type\":\"headline\",\"props\":{\"content\":\"Cosa sono le pratiche brevi\",\"title_decoration\":\"divider\",\"title_element\":\"h5\"}},{\"type\":\"text\",\"props\":{\"column_breakpoint\":\"m\",\"content\":\"\n\n<ul>\\n\n\n<li style=\\\"font-weight: 400;\\\" aria-level=\\\"1\\\"><span style=\\\"font-weight: 400;\\\">Sono diari tematici che ti guidano attraverso esercizi pratici e riflessioni profonde, adattabili al tempo e alle esigenze di ognuno.<\\\/span><\\\/li>\\n\n\n<li style=\\\"font-weight: 400;\\\" aria-level=\\\"1\\\"><span style=\\\"font-weight: 400;\\\">Hanno una struttura chiara e un approccio pratico per aiutarti a mantenere la disciplina, senza appesantire la tua routine quotidiana.<\\\/span><\\\/li>\\n\n\n<li style=\\\"font-weight: 400;\\\" aria-level=\\\"1\\\"><span style=\\\"font-weight: 400;\\\">Ti invitano a esplorare i tuoi pensieri e le tue emozioni, per comprendere meglio te stess@ e vivere con maggiore presenza.<\\\/span><\\\/li>\\n<\\\/ul>\",\"margin\":\"default\"}}]},{\"type\":\"column\",\"props\":{\"image_position\":\"center-center\",\"position_sticky_breakpoint\":\"m\",\"width_medium\":\"1-2\"},\"children\":[{\"type\":\"headline\",\"props\":{\"content\":\"Perch\\u00e8 scegliere le pratiche brevi\",\"title_decoration\":\"divider\",\"title_element\":\"h5\"}},{\"type\":\"text\",\"props\":{\"column_breakpoint\":\"m\",\"content\":\"\n\n<ul>\\n\n\n<li style=\\\"font-weight: 400;\\\" aria-level=\\\"1\\\"><strong>Ogni <\\\/strong><i><span style=\\\"font-weight: 400;\\\"><strong>Journal<\\\/strong><\\\/span><\\\/i><span style=\\\"font-weight: 400;\\\"> \\u00e8 pensato per integrare momenti di consapevolezza nella tua giornata, trasformando la semplicit\\u00e0 di piccoli gesti in profondi cambiamenti.<\\\/span><\\\/li>\\n\n\n<li style=\\\"font-weight: 400;\\\" aria-level=\\\"1\\\"><span style=\\\"font-weight: 400;\\\"><strong>La costanza e la brevit\\u00e0<\\\/strong> delle pratiche permettono di rendere ogni giornata significativa, senza richiedere lunghi impegni.<\\\/span><\\\/li>\\n\n\n<li style=\\\"font-weight: 400;\\\" aria-level=\\\"1\\\"><span style=\\\"font-weight: 400;\\\">Ogni volume della collezione si concentra su un <strong>aspetto specifico della crescita personale,<\\\/strong> offrendoti una guida dedicata e pratica.<\\\/span><\\\/li>\\n<\\\/ul>\",\"margin\":\"default\"}}]}]},{\"type\":\"row\",\"children\":[{\"type\":\"column\",\"props\":{\"image_position\":\"center-center\",\"position_sticky_breakpoint\":\"m\"},\"children\":[{\"type\":\"quotation\",\"props\":{\"content\":\"\n\n<p style=\\\"text-align: center;\\\"><b>Un Cammino a Misura Tua<\\\/b><span style=\\\"font-weight: 400;\\\"> <br \\\/>Le Pratiche Brevi non sono solo diari, ma veri e propri compagni di viaggio. Sono pensate per chi desidera trasformare il proprio quotidiano in un\\u2019occasione di crescita e riflessione, mantenendo uno stile di vita semplice e autentico.<\\\/span><\\\/p>\"}}]}]}],\"name\":\"Le pratiche brevi\"},{\"type\":\"section\",\"props\":{\"image_position\":\"center-center\",\"style\":\"default\",\"title_breakpoint\":\"xl\",\"title_position\":\"top-left\",\"title_rotation\":\"left\",\"vertical_align\":\"middle\",\"width\":\"default\"},\"children\":[{\"type\":\"row\",\"children\":[{\"type\":\"column\",\"props\":{\"image_position\":\"center-center\",\"position_sticky_breakpoint\":\"m\"},\"children\":[{\"type\":\"divider\",\"props\":{\"divider_element\":\"hr\",\"divider_style\":\"icon\",\"margin\":\"small\",\"margin_remove_bottom\":true,\"margin_remove_top\":true}}]}]}]},{\"type\":\"section\",\"props\":{\"image_position\":\"center-center\",\"padding_remove_top\":true,\"style\":\"default\",\"title_breakpoint\":\"xl\",\"title_position\":\"top-left\",\"title_rotation\":\"left\",\"vertical_align\":\"middle\",\"width\":\"default\"},\"children\":[{\"type\":\"row\",\"children\":[{\"type\":\"column\",\"props\":{\"image_position\":\"center-center\",\"position_sticky_breakpoint\":\"m\"},\"children\":[{\"type\":\"headline\",\"props\":{\"content\":\"COSA POSSO AIUTARTI\",\"text_align\":\"center\",\"title_color\":\"primary\",\"title_element\":\"h1\",\"title_style\":\"h2\"}},{\"type\":\"grid\",\"props\":{\"content_column_breakpoint\":\"m\",\"filter_align\":\"left\",\"filter_all\":true,\"filter_grid_breakpoint\":\"m\",\"filter_grid_width\":\"auto\",\"filter_position\":\"top\",\"filter_style\":\"tab\",\"grid_column_align\":true,\"grid_column_gap\":\"large\",\"grid_default\":\"1\",\"grid_divider\":true,\"grid_medium\":\"3\",\"grid_row_align\":true,\"icon_width\":80,\"image_align\":\"top\",\"image_border\":\"rounded\",\"image_grid_breakpoint\":\"m\",\"image_grid_width\":\"1-2\",\"image_svg_color\":\"emphasis\",\"item_animation\":true,\"link_style\":\"default\",\"link_text\":\"Read more\",\"margin\":\"default\",\"meta_align\":\"below-title\",\"meta_element\":\"div\",\"meta_style\":\"text-meta\",\"panel_style\":\"card-default\",\"show_content\":true,\"show_image\":true,\"show_link\":true,\"show_meta\":true,\"show_title\":true,\"title_align\":\"top\",\"title_decoration\":\"bullet\",\"title_element\":\"h2\",\"title_font_family\":\"secondary\",\"title_grid_breakpoint\":\"m\",\"title_grid_width\":\"1-2\",\"title_hover_style\":\"reset\",\"title_style\":\"h5\"},\"children\":[{\"type\":\"grid_item\",\"props\":{\"content\":\"\n\n<p>Iniziamo con un colloquio gratuito\\u00a0, in cui conosciamo e valutiamo insieme quale percorso sia pi\\u00f9 adatto a te. Di seguito, grazie alla lettura dell'Anima\\u00a0\\\"\\u00a0Soul Reading\\\"\\u00a0, legger\\u00f2 i tuoi campi energetici e l'aura per accedere alla Verit\\u00e0 della tua Anima creando una mappa che porter\\u00e0 alla luce gli argomenti su cui\\u00a0\\u00a0lavorare pi\\u00f9 intensamente.<\\\/p>\",\"image\":\"wp-content\\\/uploads\\\/2025\\\/01\\\/santina_storni_05.jpg\",\"panel_style\":\"card-default\",\"title\":\"TRATTAMENTI PER L'ANIMA\"}},{\"type\":\"grid_item\",\"props\":{\"content\":\"\n\n<p>Testo, testo, testo, testo, testo, testo, testo, testo, testo, testo, testo, testo, testo, testo, testo, testo, testo, testo,Testo, testo, testo, testo, testo, testo, testo, testo, testo, testo, testo, testo, testo, testo, testo, testo, testo, testo,Testo, testo, testo, testo, testo, testo, testo, testo, testo, testo, testo, testo, testo, testo, testo, testo, testo, testo<\\\/p>\",\"image\":\"wp-content\\\/uploads\\\/2025\\\/01\\\/eventi_vivo.png\",\"title\":\"CORSI DELL'ANIMA\"}},{\"type\":\"grid_item\",\"props\":{\"content\":\"Quest'anno ti invito a vivere esperienze trasformative e profonde che danno spazio alla formazione e ti connettono al cuore del Soul Healing System. \\n\\nPartecipa ai workshop esperienziali per integrare gli insegnamenti online, ai corsi in presenza strutturati in 4 puntate per un\\u2019immersione progressiva, e alle giornate di Costellazioni Sistemiche e Archetipiche per sciogliere blocchi e riequilibrare le energie. \",\"image\":\"wp-content\\\/uploads\\\/2025\\\/01\\\/eventi_vivo.png\",\"title\":\"EVENTI\"}}]}]}]}],\"name\":\"cosa posso fare per te\"},{\"type\":\"section\",\"props\":{\"image_position\":\"center-center\",\"style\":\"default\",\"title_breakpoint\":\"xl\",\"title_position\":\"top-left\",\"title_rotation\":\"left\",\"vertical_align\":\"middle\",\"width\":\"default\"},\"children\":[{\"type\":\"row\",\"children\":[{\"type\":\"column\",\"props\":{\"image_position\":\"center-center\",\"position_sticky_breakpoint\":\"m\"},\"children\":[{\"type\":\"headline\",\"props\":{\"content\":\"Comincia da qui\",\"text_align\":\"center\",\"title_color\":\"primary\",\"title_element\":\"h1\"}}]}]},{\"type\":\"row\",\"children\":[{\"type\":\"column\",\"props\":{\"image_position\":\"center-center\",\"position_sticky_breakpoint\":\"m\"},\"children\":[{\"type\":\"grid\",\"props\":{\"content_column_breakpoint\":\"m\",\"filter_align\":\"left\",\"filter_all\":true,\"filter_grid_breakpoint\":\"m\",\"filter_grid_width\":\"auto\",\"filter_position\":\"top\",\"filter_style\":\"tab\",\"grid_default\":\"1\",\"grid_medium\":\"3\",\"icon_width\":80,\"image_align\":\"top\",\"image_grid_breakpoint\":\"m\",\"image_grid_width\":\"1-2\",\"image_svg_color\":\"emphasis\",\"item_animation\":true,\"link_style\":\"default\",\"link_text\":\"Read more\",\"margin\":\"default\",\"meta_align\":\"below-title\",\"meta_element\":\"div\",\"meta_style\":\"text-meta\",\"show_content\":true,\"show_image\":true,\"show_link\":true,\"show_meta\":true,\"show_title\":true,\"title_align\":\"top\",\"title_element\":\"h3\",\"title_grid_breakpoint\":\"m\",\"title_grid_width\":\"1-2\",\"title_hover_style\":\"reset\"},\"children\":[{\"type\":\"grid_item\",\"props\":{\"content\":\"Da Anima ad Anima il mio podcast che parla di te, ma anche di me! \",\"image\":\"wp-content\\\/uploads\\\/2025\\\/01\\\/spotify.png\",\"link\":\"https:\\\/\\\/open.spotify.com\\\/show\\\/2Tz80WRCR5x9E7eWDQwRMV\",\"title\":\"Spotify\"}},{\"type\":\"grid_item\",\"props\":{\"image\":\"wp-content\\\/uploads\\\/2025\\\/01\\\/santina_storni_06.jpg\",\"title\":\"You Tube\"}}]}]}]}],\"name\":\"Contenuti per te\"},{\"type\":\"section\",\"props\":{\"animation\":\"fade\",\"image_position\":\"center-center\",\"padding\":\"small\",\"padding_remove_top\":false,\"style\":\"default\",\"title_breakpoint\":\"xl\",\"title_position\":\"top-left\",\"title_rotation\":\"left\",\"vertical_align\":\"\",\"width\":\"large\"},\"children\":[{\"type\":\"row\",\"children\":[{\"type\":\"column\",\"props\":{\"image_position\":\"center-center\",\"padding\":\"large\",\"position_sticky_breakpoint\":\"m\",\"style\":\"tile-muted\",\"vertical_align\":\"middle\",\"width_large\":\"3-5\",\"width_medium\":\"1-2\"},\"children\":[{\"type\":\"headline\",\"props\":{\"block_align\":\"center\",\"content\":\"Get listed today and become part of the most exclusive luxury vacation home network worldwide.\",\"maxwidth\":\"xlarge\",\"text_align\":\"left\",\"text_align_breakpoint\":\"m\",\"text_align_fallback\":\"center\",\"title_element\":\"h3\"}},{\"type\":\"text\",\"props\":{\"block_align\":\"center\",\"block_align_breakpoint\":\"m\",\"block_align_fallback\":\"center\",\"column_breakpoint\":\"m\",\"content\":\"Lorem ipsum dolor sit amet, consectetur adipiscing elit, sed do eiusmod tempor incididunt ut labore et dolore magna aliqua. Nascetur ridiculus mus mauris vitae ultricies. \",\"margin\":\"default\",\"maxwidth\":\"xlarge\",\"maxwidth_breakpoint\":\"m\",\"text_align\":\"left\",\"text_align_breakpoint\":\"m\",\"text_align_fallback\":\"center\"}},{\"type\":\"button\",\"props\":{\"animation\":\"slide-bottom-small\",\"block_align\":\"center\",\"grid_column_gap\":\"small\",\"grid_row_gap\":\"small\",\"margin\":\"medium\",\"maxwidth\":\"xlarge\",\"text_align\":\"left\",\"text_align_breakpoint\":\"m\",\"text_align_fallback\":\"center\"},\"children\":[{\"type\":\"button_item\",\"props\":{\"button_style\":\"primary\",\"content\":\"Contact Us\",\"icon_align\":\"left\",\"link\":\"mailto:info@example.com\",\"link_title\":\"Contact Us\"}},{\"type\":\"button_item\",\"props\":{\"button_style\":\"default\",\"content\":\"Read the FAQ\",\"icon_align\":\"left\",\"link\":\"index.php?page_id=4#faq\",\"link_title\":\"FAQ\"}}]}]},{\"type\":\"column\",\"props\":{\"image_position\":\"center-center\",\"padding\":\"none\",\"position_sticky_breakpoint\":\"m\",\"style\":\"tile-muted\",\"vertical_align\":\"bottom\",\"width_large\":\"2-5\",\"width_medium\":\"1-2\"},\"children\":[{\"type\":\"image\",\"props\":{\"animation\":\"slide-right-small\",\"image\":\"wp-content\\\/uploads\\\/yootheme\\\/cta-bg.svg\",\"image_svg_color\":\"emphasis\",\"image_svg_inline\":true,\"image_width\":\"560\",\"margin\":\"default\",\"visibility\":\"m\"}}]}],\"props\":{\"column_gap\":\"collapse\",\"layout\":\"3-5,2-5\",\"row_gap\":\"collapse\"}}],\"name\":\"Call to Action\"}],\"version\":\"4.4.16\"} --><\/p>\n","protected":false},"excerpt":{"rendered":"<p>Chi sono Questa sono io, mi chiamo Santina, sono mamma, figlia, sorella, amica, moglie e da quando avevo 18 anni, mi dedico alla Crescita Personale. Il mio cammino \u00e8 iniziato dal Reiki e si \u00e8 espanso, senza confini, nell\u2019Universo delle Energie Sottili, fino a farmi arrivare ad oggi, felicemente consapevole che continuer\u00e0 fino alla fine [&hellip;]<\/p>\n","protected":false},"author":1,"featured_media":2000,"parent":0,"menu_order":10,"comment_status":"open","ping_status":"open","template":"","meta":{"_acf_changed":false,"footnotes":""},"class_list":["post-1","page","type-page","status-publish","has-post-thumbnail","hentry"],"acf":[],"_links":{"self":[{"href":"https:\/\/santinastorni.mcduelab.it\/index.php?rest_route=\/wp\/v2\/pages\/1","targetHints":{"allow":["GET"]}}],"collection":[{"href":"https:\/\/santinastorni.mcduelab.it\/index.php?rest_route=\/wp\/v2\/pages"}],"about":[{"href":"https:\/\/santinastorni.mcduelab.it\/index.php?rest_route=\/wp\/v2\/types\/page"}],"author":[{"embeddable":true,"href":"https:\/\/santinastorni.mcduelab.it\/index.php?rest_route=\/wp\/v2\/users\/1"}],"replies":[{"embeddable":true,"href":"https:\/\/santinastorni.mcduelab.it\/index.php?rest_route=%2Fwp%2Fv2%2Fcomments&post=1"}],"version-history":[{"count":50,"href":"https:\/\/santinastorni.mcduelab.it\/index.php?rest_route=\/wp\/v2\/pages\/1\/revisions"}],"predecessor-version":[{"id":2622,"href":"https:\/\/santinastorni.mcduelab.it\/index.php?rest_route=\/wp\/v2\/pages\/1\/revisions\/2622"}],"wp:featuredmedia":[{"embeddable":true,"href":"https:\/\/santinastorni.mcduelab.it\/index.php?rest_route=\/wp\/v2\/media\/2000"}],"wp:attachment":[{"href":"https:\/\/santinastorni.mcduelab.it\/index.php?rest_route=%2Fwp%2Fv2%2Fmedia&parent=1"}],"curies":[{"name":"wp","href":"https:\/\/api.w.org\/{rel}","templated":true}]}}